{"id":42,"date":"2020-07-04T07:45:42","date_gmt":"2020-07-04T07:45:42","guid":{"rendered":"http:\/\/sweethomeberrenrath.de\/?page_id=42"},"modified":"2025-11-20T16:24:52","modified_gmt":"2025-11-20T16:24:52","slug":"impressum","status":"publish","type":"page","link":"https:\/\/sweethomeberrenrath.de\/?page_id=42","title":{"rendered":"Impressum"},"content":{"rendered":"\n<p>Grundst\u00fccksgemeinschaft Breddemann, Kaiser, B\u00fcrgel           <br>B\u00e4rengasse 2a<br>50354 H\u00fcrth<br>E-Mail: Kabuegemeinschaft@freenet.de<br>Kontakt: 0177 40 800 92 oder 0157 724 775 43<\/p>\n","protected":false},"excerpt":{"rendered":"<p>Grundst\u00fccksgemeinschaft Breddemann, Kaiser, B\u00fcrgel B\u00e4rengasse 2a50354 H\u00fcrthE-Mail: Kabuegemeinschaft@freenet.deKontakt: 0177 40 800 92 oder 0157 724 775 43<\/p>\n","protected":false},"author":1,"featured_media":0,"parent":0,"menu_order":0,"comment_status":"closed","ping_status":"closed","template":"","meta":{"footnotes":""},"class_list":["post-42","page","type-page","status-publish","hentry"],"_links":{"self":[{"href":"https:\/\/sweethomeberrenrath.de\/index.php?rest_route=\/wp\/v2\/pages\/42","targetHints":{"allow":["GET"]}}],"collection":[{"href":"https:\/\/sweethomeberrenrath.de\/index.php?rest_route=\/wp\/v2\/pages"}],"about":[{"href":"https:\/\/sweethomeberrenrath.de\/index.php?rest_route=\/wp\/v2\/types\/page"}],"author":[{"embeddable":true,"href":"https:\/\/sweethomeberrenrath.de\/index.php?rest_route=\/wp\/v2\/users\/1"}],"replies":[{"embeddable":true,"href":"https:\/\/sweethomeberrenrath.de\/index.php?rest_route=%2Fwp%2Fv2%2Fcomments&post=42"}],"version-history":[{"count":3,"href":"https:\/\/sweethomeberrenrath.de\/index.php?rest_route=\/wp\/v2\/pages\/42\/revisions"}],"predecessor-version":[{"id":160,"href":"https:\/\/sweethomeberrenrath.de\/index.php?rest_route=\/wp\/v2\/pages\/42\/revisions\/160"}],"wp:attachment":[{"href":"https:\/\/sweethomeberrenrath.de\/index.php?rest_route=%2Fwp%2Fv2%2Fmedia&parent=42"}],"curies":[{"name":"wp","href":"https:\/\/api.w.org\/{rel}","templated":true}]}}