{"id":9,"date":"2020-07-03T17:01:12","date_gmt":"2020-07-03T17:01:12","guid":{"rendered":"http:\/\/sweethomeberrenrath.de\/?page_id=9"},"modified":"2026-03-21T19:47:50","modified_gmt":"2026-03-21T19:47:50","slug":"eine-familie-mit-herz","status":"publish","type":"page","link":"https:\/\/sweethomeberrenrath.de\/?page_id=9","title":{"rendered":"Eine Familie mit Herz!"},"content":{"rendered":"\n<p><strong>Im Jahr 2019 haben wir gemeinsam das Haus gekauft. Mit viel Herzblut haben wir es renoviert und das Haus zu dem gemacht, was es heute ist.  <br><\/strong><\/p>\n\n\n\n<p>Wir, das sind &#8230;<\/p>\n\n\n\n<p>&#8230; Peter, der Vater, der alles organisiert und im Auge beh\u00e4lt.<\/p>\n\n\n\n<p>&#8230; Melanie, die Tochter, die sich um Ihre Buchungen, die Buchhaltung und um alles Organisatorische k\u00fcmmert.<\/p>\n\n\n\n<p>Da wir selbst in Berrenrath leben und den Ort lieben gelernt haben, liegt uns auch sehr viel daran dieses Gef\u00fchl an Sie weitergeben zu k\u00f6nnen. Wir sind eine Familie, die sowohl in guten als auch in schlechten Zeiten f\u00fcreinander da ist und sich gegenseitig unterst\u00fctzt. <\/p>\n\n\n\n<p>Wir begr\u00fc\u00dfen Sie mit viel Gastfreundlichkeit und stehen Ihnen gerne f\u00fcr Fragen und W\u00fcnsche zur Verf\u00fcgung.<\/p>\n\n\n\n<p><strong>Ihre Familie mit Herz!<\/strong><\/p>\n","protected":false},"excerpt":{"rendered":"<p>Im Jahr 2019 haben wir gemeinsam das Haus gekauft. Mit viel Herzblut haben wir es renoviert und das Haus zu dem gemacht, was es heute ist. Wir, das sind &#8230; &#8230; Peter, der Vater, der alles organisiert und im Auge beh\u00e4lt. &#8230; Melanie, die Tochter, die sich um Ihre Buchungen, die Buchhaltung und um alles &hellip; <\/p>\n<p class=\"link-more\"><a href=\"https:\/\/sweethomeberrenrath.de\/?page_id=9\" class=\"more-link\"><span class=\"screen-reader-text\">\u201eEine Familie mit Herz!\u201c<\/span> weiterlesen<\/a><\/p>\n","protected":false},"author":1,"featured_media":0,"parent":0,"menu_order":0,"comment_status":"closed","ping_status":"closed","template":"","meta":{"footnotes":""},"class_list":["post-9","page","type-page","status-publish","hentry"],"_links":{"self":[{"href":"https:\/\/sweethomeberrenrath.de\/index.php?rest_route=\/wp\/v2\/pages\/9","targetHints":{"allow":["GET"]}}],"collection":[{"href":"https:\/\/sweethomeberrenrath.de\/index.php?rest_route=\/wp\/v2\/pages"}],"about":[{"href":"https:\/\/sweethomeberrenrath.de\/index.php?rest_route=\/wp\/v2\/types\/page"}],"author":[{"embeddable":true,"href":"https:\/\/sweethomeberrenrath.de\/index.php?rest_route=\/wp\/v2\/users\/1"}],"replies":[{"embeddable":true,"href":"https:\/\/sweethomeberrenrath.de\/index.php?rest_route=%2Fwp%2Fv2%2Fcomments&post=9"}],"version-history":[{"count":5,"href":"https:\/\/sweethomeberrenrath.de\/index.php?rest_route=\/wp\/v2\/pages\/9\/revisions"}],"predecessor-version":[{"id":167,"href":"https:\/\/sweethomeberrenrath.de\/index.php?rest_route=\/wp\/v2\/pages\/9\/revisions\/167"}],"wp:attachment":[{"href":"https:\/\/sweethomeberrenrath.de\/index.php?rest_route=%2Fwp%2Fv2%2Fmedia&parent=9"}],"curies":[{"name":"wp","href":"https:\/\/api.w.org\/{rel}","templated":true}]}}